{"id":32,"date":"2023-12-11T21:32:44","date_gmt":"2023-12-11T21:32:44","guid":{"rendered":"https:\/\/laconstructora.mx\/index.php\/aviso-legal\/"},"modified":"2023-12-12T00:18:29","modified_gmt":"2023-12-12T00:18:29","slug":"aviso-legal","status":"publish","type":"page","link":"https:\/\/laconstructora.mx\/index.php\/aviso-legal\/","title":{"rendered":"Aviso legal"},"content":{"rendered":"\t\t<div data-elementor-type=\"wp-page\" data-elementor-id=\"32\" class=\"elementor elementor-32\" data-elementor-post-type=\"page\">\n\t\t\t\t\t\t<section class=\"elementor-section elementor-top-section elementor-element elementor-element-0b29a75 elementor-section-boxed elementor-section-height-default elementor-section-height-default\" data-id=\"0b29a75\" data-element_type=\"section\" data-settings=\"{&quot;background_background&quot;:&quot;classic&quot;}\">\n\t\t\t\t\t\t\t<div class=\"elementor-background-overlay\"><\/div>\n\t\t\t\t\t\t\t<div class=\"elementor-container elementor-column-gap-default\">\n\t\t\t\t\t<div class=\"elementor-column elementor-col-100 elementor-top-column elementor-element elementor-element-318ea3e\" data-id=\"318ea3e\" data-element_type=\"column\" data-settings=\"{&quot;background_background&quot;:&quot;classic&quot;}\">\n\t\t\t<div class=\"elementor-widget-wrap elementor-element-populated\">\n\t\t\t\t\t\t<div class=\"elementor-element elementor-element-25f0e43 elementor-widget elementor-widget-heading\" data-id=\"25f0e43\" data-element_type=\"widget\" data-widget_type=\"heading.default\">\n\t\t\t\t<div class=\"elementor-widget-container\">\n\t\t\t\t\t<h1 class=\"elementor-heading-title elementor-size-default\">Aviso legal<\/h1>\t\t\t\t<\/div>\n\t\t\t\t<\/div>\n\t\t\t\t\t<\/div>\n\t\t<\/div>\n\t\t\t\t\t<\/div>\n\t\t<\/section>\n\t\t\t\t<section class=\"elementor-section elementor-top-section elementor-element elementor-element-d0245ba elementor-section-full_width elementor-section-height-default elementor-section-height-default\" data-id=\"d0245ba\" data-element_type=\"section\">\n\t\t\t\t\t\t<div class=\"elementor-container elementor-column-gap-no\">\n\t\t\t\t\t<div class=\"elementor-column elementor-col-100 elementor-top-column elementor-element elementor-element-e185ce1\" data-id=\"e185ce1\" data-element_type=\"column\">\n\t\t\t<div class=\"elementor-widget-wrap elementor-element-populated\">\n\t\t\t\t\t\t<div class=\"elementor-element elementor-element-3f33ca1 elementor-widget elementor-widget-spacer\" data-id=\"3f33ca1\" data-element_type=\"widget\" data-widget_type=\"spacer.default\">\n\t\t\t\t<div class=\"elementor-widget-container\">\n\t\t\t\t\t\t\t<div class=\"elementor-spacer\">\n\t\t\t<div class=\"elementor-spacer-inner\"><\/div>\n\t\t<\/div>\n\t\t\t\t\t\t<\/div>\n\t\t\t\t<\/div>\n\t\t\t\t\t<\/div>\n\t\t<\/div>\n\t\t\t\t\t<\/div>\n\t\t<\/section>\n\t\t<div class=\"elementor-element elementor-element-6684604 e-flex e-con-boxed e-con e-parent\" data-id=\"6684604\" data-element_type=\"container\">\n\t\t\t\t\t<div class=\"e-con-inner\">\n\t\t\t\t<div class=\"elementor-element elementor-element-11efe24a elementor-widget elementor-widget-text-editor\" data-id=\"11efe24a\" data-element_type=\"widget\" data-widget_type=\"text-editor.default\">\n\t\t\t\t<div class=\"elementor-widget-container\">\n\t\t\t\t\t\t\t\t\t<h3>DATOS IDENTIFICATIVOS DEL TITULAR DEL SITIO WEB<\/h3>\n<p>En cumplimiento del deber de informaci\u00f3n estipulado en el art\u00edculo 10 de la Ley 34\/2002 de 11 de julio de Servicios de la Sociedad de la Informaci\u00f3n y de Comercio Electr\u00f3nico, <strong><em>Perico de los Palotes<\/em><\/strong>, con NIE X00000000T, en adelante <strong>Builderon<\/strong>, en calidad de titular del sitio web <strong>zap.wpibiza.com<\/strong>, con domicilio en 13, Rue del Percebe a Villaconejos de Arriba, direcci\u00f3n de correo electr\u00f3nico <a href=\"mailto:%64&#97;%76&#105;d%73aezn%6f%76a&#64;&#103;&#109;%61%69%6c&#46;%63&#111;&#109;\">&#100;avid&#115;a&#101;&#122;&#110;&#111;&#118;a&#64;gm&#97;&#105;&#108;&#46;com<\/a>, procede a comunicarles la presente informaci\u00f3n que conforma y regula las condiciones de uso en esta p\u00e1gina, las limitaciones de responsabilidad y las obligaciones que, los usuarios del sitio web que se publica bajo el nombre de dominio <strong><i>zap.wpibiza.com<\/i><\/strong>, asumen y se comprometen a respetar.<\/p>\n<h3>CONDICIONES DE USO<\/h3>\n<p>La utilizaci\u00f3n de <strong>zap.wpibiza.com<\/strong> otorga la condici\u00f3n de <strong>Usuario<\/strong> de <strong>zap.wpibiza.com<\/strong>, bien sea persona f\u00edsica o jur\u00eddica y obligatoriamente implica la aceptaci\u00f3n completa, plena y sin reservas de todas y cada una de las cl\u00e1usulas y condiciones generales incluidas en el Aviso Legal. Si el <strong>Usuario<\/strong> no estuviera conforme con las cl\u00e1usulas y condiciones de uso de este Aviso Legal, se abstendr\u00e1 de utilizar <strong>zap.wpibiza.com<\/strong>. Este Aviso Legal est\u00e1 sujeto a cambios y actualizaciones por lo que la versi\u00f3n publicada por <strong>Builderon<\/strong> puede ser diferente en cada momento en que el <strong>Usuario<\/strong> acceda al Portal. Por tanto, el <strong>Usuario<\/strong> debe leer el Aviso Legal en todas y cada una de las ocasiones en que acceda a <strong>zap.wpibiza.com<\/strong>.<\/p>\n<p>A trav\u00e9s de <strong>zap.wpibiza.com<\/strong>, <strong>Builderon<\/strong><b> <\/b>facilita al <strong>Usuario<\/strong> el acceso y la utilizaci\u00f3n de diversos Contenidos publicados por medio de Internet por <strong>Builderon<\/strong> o por terceros autorizados.<\/p>\n<p>El <strong>Usuario<\/strong> est\u00e1 obligado y se compromete a utilizar <strong>zap.wpibiza.com<\/strong> y los Contenidos de conformidad con la legislaci\u00f3n vigente, el Aviso Legal, y cualquier otro aviso o instrucciones puestos en su conocimiento, bien sea por medio de este aviso legal o en cualquier otro lugar dentro de los Contenidos que conforman <strong>zap.wpibiza.com<\/strong>, como son las normas de convivencia, la moral y buenas costumbres generalmente aceptadas. A tal efecto, el <strong>Usuario<\/strong> se obliga y compromete a NO utilizar cualquiera de los Contenidos con fines o efectos il\u00edcitos, prohibidos en el Aviso Legal o por la legislaci\u00f3n vigente, lesivos de los derechos e intereses de terceros, o que de cualquier forma puedan da\u00f1ar, inutilizar, sobrecargar, deteriorar o impedir la normal utilizaci\u00f3n de los Contenidos, los equipos inform\u00e1ticos o los documentos, archivos y toda clase de contenidos almacenados en cualquier equipo inform\u00e1tico propios o contratados por <strong>Builderon<\/strong>, de otro <strong>USUARIO<\/strong> o de cualquier usuario de Internet (hardware y software).<\/p>\n<p>El <strong>Usuario<\/strong> se obliga y se compromete a no transmitir, difundir o poner a disposici\u00f3n de terceros cualquier clase de material contenido en <strong>zap.wpibiza.com<\/strong>, tales como informaciones, textos, datos, contenidos, mensajes, gr\u00e1ficos, dibujos, archivos de sonido y\/o imagen, fotograf\u00edas, grabaciones, software, logotipos, marcas, iconos, tecnolog\u00eda, fotograf\u00edas, software, enlaces, dise\u00f1o gr\u00e1fico y c\u00f3digos fuente, o cualquier otro material al que tuviera acceso en su condici\u00f3n de <strong>Usuario<\/strong> de <strong>zap.wpibiza.com<\/strong>, sin que esta enumeraci\u00f3n tenga car\u00e1cter limitativo. Asimismo, de conformidad con todo ello, el <strong>Usuario<\/strong> no podr\u00e1:<\/p>\n<ul>\n<li>Reproducir, copiar, distribuir, poner a disposici\u00f3n o de cualquier otra forma comunicar p\u00fablicamente, transformar o modificar los Contenidos, a menos que se cuente con la autorizaci\u00f3n escrita y expl\u00edcita de <strong>Builderon<\/strong>, que es titular de los correspondientes derechos, o bien que ello resulte legalmente permitido.<\/li>\n<li>Suprimir, manipular o de cualquier forma alterar el \u201ccopyright\u201d y dem\u00e1s datos identificativos de la reserva de derechos de <strong>Builderon<\/strong> o de sus titulares, de las huellas y\/o identificadores digitales, marcas de agua, o de cualesquiera otros medios t\u00e9cnicos establecidos para su reconocimiento.<\/li>\n<\/ul>\n<p>El <strong>Usuario<\/strong> deber\u00e1 abstenerse de obtener e incluso de intentar obtener los Contenidos empleando para ello medios o procedimientos distintos de los que, seg\u00fan los casos, se hayan puesto a su disposici\u00f3n a este efecto o se hayan indicado a este efecto en las p\u00e1ginas web donde se encuentren los Contenidos o, en general, de los que se empleen habitualmente en Internet a este efecto siempre que no entra\u00f1en un riesgo de da\u00f1o o inutilizaci\u00f3n de <strong>zap.wpibiza.com<\/strong>, y\/o de los Contenidos.<\/p>\n<h3>PROPIEDAD INTELECTUAL<\/h3>\n<p>Todas las marcas, nombres comerciales o signos distintivos de cualquier clase que aparecen en <strong>zap.wpibiza.com<\/strong> son propiedad de <strong>Builderon<\/strong> o, en su caso, de sus respectivos propietarios, sin que pueda entenderse que el uso o acceso al Portal y\/o a los Contenidos atribuya al <strong>Usuario<\/strong> derecho alguno sobre las citadas marcas, nombres comerciales y\/o signos distintivos y sin que puedan entenderse cedidos al <strong>Usuario<\/strong>, ninguno de los derechos de explotaci\u00f3n que existen o puedan existir sobre dichos Contenidos. De igual modo los Contenidos son propiedad intelectual de <strong>Builderon<\/strong>, o de terceros en su caso, por tanto, los derechos de Propiedad Intelectual son titularidad de <strong>Builderon<\/strong> o de terceros que han autorizado su uso, a quienes corresponde el ejercicio exclusivo de los derechos de explotaci\u00f3n de los mismos en cualquier forma y, en especial, los derechos de reproducci\u00f3n, distribuci\u00f3n, comunicaci\u00f3n p\u00fablica y transformaci\u00f3n. La utilizaci\u00f3n no autorizada de la informaci\u00f3n contenida en esta Web, as\u00ed como la lesi\u00f3n de los derechos de Propiedad Intelectual o Industrial de <strong>Builderon<\/strong> o de terceros incluidos en <strong>zap.wpibiza.com<\/strong> que hayan cedido contenidos dar\u00e1 lugar a las responsabilidades legalmente establecidas.<\/p>\n<h3>DISPONIBILIDAD DE ZAP.WPIBIZA.COM<\/h3>\n<p><strong>Builderon<\/strong> no garantiza la inexistencia de interrupciones o errores en el acceso a <strong>zap.wpibiza.com<\/strong>, a sus contenidos, ni que este se encuentren actualizados, aunque desarrollar\u00e1 sus mejores esfuerzos para, en su caso, evitarlos, subsanarlos o actualizarlos. Por consiguiente, <strong>Builderon<\/strong> no se responsabiliza de los da\u00f1os o perjuicios de cualquier tipo producidos en el <strong>Usuario<\/strong> que traigan causa de fallos o desconexiones en las redes de telecomunicaciones que produzcan la suspensi\u00f3n, cancelaci\u00f3n o interrupci\u00f3n del servicio del portal durante la prestaci\u00f3n del mismo o con car\u00e1cter previo.<\/p>\n<p><strong>Builderon<\/strong> excluye, con las excepciones contempladas en la legislaci\u00f3n vigente, cualquier responsabilidad por los da\u00f1os y perjuicios de toda naturaleza que puedan deberse a la falta de disponibilidad, continuidad o calidad del funcionamiento de <strong>zap.wpibiza.com<\/strong> y de los Contenidos, al no cumplimiento de la expectativa de utilidad que el <strong>USUARIO<\/strong> hubiera podido atribuir a <strong>zap.wpibiza.com<\/strong> y a los Contenidos.<\/p>\n<p>La funci\u00f3n de los Hiperenlaces que aparecen en esta Web es exclusivamente la de informar al <strong>Usuario<\/strong> acerca de la existencia de otras Web que contienen informaci\u00f3n sobre la materia. Dichos Hiperenlaces no constituyen sugerencia ni recomendaci\u00f3n alguna.<\/p>\n<p><strong>Builderon<\/strong> no se hace responsable de los contenidos de dichas p\u00e1ginas enlazadas, del funcionamiento o utilidad de los Hiperenlaces ni del resultado de dichos enlaces, ni garantiza la ausencia de virus u otros elementos en los mismos que puedan producir alteraciones en el sistema inform\u00e1tico (hardware y software), los documentos o los ficheros del <strong>Usuario<\/strong>, excluyendo cualquier responsabilidad por los da\u00f1os de cualquier clase causados al <strong>Usuario<\/strong> por este motivo.<\/p>\n<p>El acceso a <strong>zap.wpibiza.com<\/strong> no implica la obligaci\u00f3n por parte de <strong>Builderon<\/strong> de controlar la ausencia de virus, gusanos o cualquier otro elemento inform\u00e1tico da\u00f1ino. Corresponde al <strong>Usuario<\/strong>, en todo caso, la disponibilidad de herramientas adecuadas para la detecci\u00f3n y desinfecci\u00f3n de programas inform\u00e1ticos da\u00f1inos, por lo tanto, <strong>Builderon<\/strong> no se hace responsable de los posibles errores de seguridad que se puedan producir durante la prestaci\u00f3n del servicio de <strong>zap.wpibiza.com<\/strong>, ni de los posibles da\u00f1os que puedan causarse al sistema inform\u00e1tico del <strong>Usuario<\/strong> o de terceros (hardware y software), los ficheros o documentos almacenados en el mismo, como consecuencia de la presencia de virus en el ordenador del <strong>Usuario<\/strong> utilizado para la conexi\u00f3n a los servicios y contenidos de la Web, de un mal funcionamiento del navegador o del uso de versiones no actualizadas del mismo.<\/p>\n<p>La prestaci\u00f3n del servicio de <strong>zap.wpibiza.com<\/strong> y de los Contenidos tiene, en principio, duraci\u00f3n indefinida. <strong>Builderon<\/strong>, no obstante, queda autorizado para dar por terminada o suspender la prestaci\u00f3n del servicio de <strong>zap.wpibiza.com<\/strong> y\/o de cualquiera de los Contenidos en cualquier momento. Cuando ello sea razonablemente posible, <strong>Builderon<\/strong> advertir\u00e1 previamente la terminaci\u00f3n o suspensi\u00f3n de <strong>zap.wpibiza.com<\/strong>.<\/p>\n<h3>CALIDAD DE ZAP.WPIBIZA.COM<\/h3>\n<p>Dado el entorno din\u00e1mico y cambiante de la informaci\u00f3n y servicios que se suministran por medio de <strong>zap.wpibiza.com<\/strong>, <strong>Builderon<\/strong> realiza su mejor esfuerzo, pero no garantiza la completa veracidad, exactitud, fiabilidad, utilidad y\/o actualidad de los Contenidos. La informaci\u00f3n contenida en las p\u00e1ginas que componen este Portal solo tiene car\u00e1cter informativo, consultivo, divulgativo y publicitario. En ning\u00fan caso ofrecen ni tienen car\u00e1cter de compromiso vinculante o contractual.<\/p>\n<h3>LIMITACI\u00d3N DE RESPONSABILIDAD<\/h3>\n<p><strong>Builderon<\/strong> excluye toda responsabilidad por las decisiones que el <strong>Usuario<\/strong> pueda tomar basado en esta informaci\u00f3n, as\u00ed como por los posibles errores tipogr\u00e1ficos que puedan contener los documentos y gr\u00e1ficos de <strong>zap.wpibiza.com<\/strong>. La informaci\u00f3n est\u00e1 sometida a posibles cambios peri\u00f3dicos sin previo aviso de su contenido por ampliaci\u00f3n, mejora, correcci\u00f3n o actualizaci\u00f3n de los Contenidos.<\/p>\n<h3>NOTIFICACIONES<\/h3>\n<p>Todas las notificaciones y comunicaciones por parte de <strong>Builderon<\/strong> al <strong>Usuario<\/strong> realizados por cualquier medio se considerar\u00e1n eficaces a todos los efectos.<\/p>\n<h3>LEGISLACI\u00d3N APLICABLE<\/h3>\n<p>El presente Aviso Legal se rige por la normativa espa\u00f1ola vigente.<\/p>\n\r\n\t\t\t\t\t\t\t\t<\/div>\n\t\t\t\t<\/div>\n\t\t\t\t\t<\/div>\n\t\t\t\t<\/div>\n\t\t\t\t<\/div>\n\t\t","protected":false},"excerpt":{"rendered":"","protected":false},"author":2,"featured_media":0,"parent":0,"menu_order":0,"comment_status":"closed","ping_status":"closed","template":"elementor_header_footer","meta":{"footnotes":""},"class_list":["post-32","page","type-page","status-publish","hentry"],"_links":{"self":[{"href":"https:\/\/laconstructora.mx\/index.php\/wp-json\/wp\/v2\/pages\/32","targetHints":{"allow":["GET"]}}],"collection":[{"href":"https:\/\/laconstructora.mx\/index.php\/wp-json\/wp\/v2\/pages"}],"about":[{"href":"https:\/\/laconstructora.mx\/index.php\/wp-json\/wp\/v2\/types\/page"}],"author":[{"embeddable":true,"href":"https:\/\/laconstructora.mx\/index.php\/wp-json\/wp\/v2\/users\/2"}],"replies":[{"embeddable":true,"href":"https:\/\/laconstructora.mx\/index.php\/wp-json\/wp\/v2\/comments?post=32"}],"version-history":[{"count":4,"href":"https:\/\/laconstructora.mx\/index.php\/wp-json\/wp\/v2\/pages\/32\/revisions"}],"predecessor-version":[{"id":542,"href":"https:\/\/laconstructora.mx\/index.php\/wp-json\/wp\/v2\/pages\/32\/revisions\/542"}],"wp:attachment":[{"href":"https:\/\/laconstructora.mx\/index.php\/wp-json\/wp\/v2\/media?parent=32"}],"curies":[{"name":"wp","href":"https:\/\/api.w.org\/{rel}","templated":true}]}}